{"id":793,"date":"2024-01-20T04:53:51","date_gmt":"2024-01-20T04:53:51","guid":{"rendered":"http:\/\/flamboyant.sc1besa2508.universe.wf\/?page_id=793"},"modified":"2025-01-20T13:10:35","modified_gmt":"2025-01-20T13:10:35","slug":"langlais-a-lecole","status":"publish","type":"page","link":"https:\/\/ecoleleflamboyant.com\/en-gb\/langlais-a-lecole\/","title":{"rendered":"English at School"},"content":{"rendered":"<div data-elementor-type=\"wp-page\" data-elementor-id=\"793\" class=\"elementor elementor-793\" data-elementor-post-type=\"page\">\n\t\t\t\t\t\t<section class=\"elementor-section elementor-top-section elementor-element elementor-element-3dd423d elementor-section-boxed elementor-section-height-default elementor-section-height-default\" data-id=\"3dd423d\" data-element_type=\"section\" data-e-type=\"section\" data-settings=\"{&quot;background_background&quot;:&quot;classic&quot;,&quot;shape_divider_bottom_negative&quot;:&quot;yes&quot;,&quot;shape_divider_top&quot;:&quot;wave-brush&quot;,&quot;shape_divider_bottom&quot;:&quot;clouds&quot;}\">\n\t\t\t\t\t\t\t<div class=\"elementor-background-overlay\"><\/div>\n\t\t\t\t\t\t<div class=\"elementor-shape elementor-shape-top\" aria-hidden=\"true\" data-negative=\"false\">\n\t\t\t<svg xmlns=\"http:\/\/www.w3.org\/2000\/svg\" viewbox=\"0 0 283.5 27.8\" preserveaspectratio=\"none\">\n\t<path class=\"elementor-shape-fill\" d=\"M283.5,9.7c0,0-7.3,4.3-14,4.6c-6.8,0.3-12.6,0-20.9-1.5c-11.3-2-33.1-10.1-44.7-5.7\ts-12.1,4.6-18,7.4c-6.6,3.2-20,9.6-36.6,9.3C131.6,23.5,99.5,7.2,86.3,8c-1.4,0.1-6.6,0.8-10.5,2c-3.8,1.2-9.4,3.8-17,4.7\tc-3.2,0.4-8.3,1.1-14.2,0.9c-1.5-0.1-6.3-0.4-12-1.6c-5.7-1.2-11-3.1-15.8-3.7C6.5,9.2,0,10.8,0,10.8V0h283.5V9.7z M260.8,11.3\tc-0.7-1-2-0.4-4.3-0.4c-2.3,0-6.1-1.2-5.8-1.1c0.3,0.1,3.1,1.5,6,1.9C259.7,12.2,261.4,12.3,260.8,11.3z M242.4,8.6\tc0,0-2.4-0.2-5.6-0.9c-3.2-0.8-10.3-2.8-15.1-3.5c-8.2-1.1-15.8,0-15.1,0.1c0.8,0.1,9.6-0.6,17.6,1.1c3.3,0.7,9.3,2.2,12.4,2.7\tC239.9,8.7,242.4,8.6,242.4,8.6z M185.2,8.5c1.7-0.7-13.3,4.7-18.5,6.1c-2.1,0.6-6.2,1.6-10,2c-3.9,0.4-8.9,0.4-8.8,0.5\tc0,0.2,5.8,0.8,11.2,0c5.4-0.8,5.2-1.1,7.6-1.6C170.5,14.7,183.5,9.2,185.2,8.5z M199.1,6.9c0.2,0-0.8-0.4-4.8,1.1\tc-4,1.5-6.7,3.5-6.9,3.7c-0.2,0.1,3.5-1.8,6.6-3C197,7.5,199,6.9,199.1,6.9z M283,6c-0.1,0.1-1.9,1.1-4.8,2.5s-6.9,2.8-6.7,2.7\tc0.2,0,3.5-0.6,7.4-2.5C282.8,6.8,283.1,5.9,283,6z M31.3,11.6c0.1-0.2-1.9-0.2-4.5-1.2s-5.4-1.6-7.8-2C15,7.6,7.3,8.5,7.7,8.6\tC8,8.7,15.9,8.3,20.2,9.3c2.2,0.5,2.4,0.5,5.7,1.6S31.2,11.9,31.3,11.6z M73,9.2c0.4-0.1,3.5-1.6,8.4-2.6c4.9-1.1,8.9-0.5,8.9-0.8\tc0-0.3-1-0.9-6.2-0.3S72.6,9.3,73,9.2z M71.6,6.7C71.8,6.8,75,5.4,77.3,5c2.3-0.3,1.9-0.5,1.9-0.6c0-0.1-1.1-0.2-2.7,0.2\tC74.8,5.1,71.4,6.6,71.6,6.7z M93.6,4.4c0.1,0.2,3.5,0.8,5.6,1.8c2.1,1,1.8,0.6,1.9,0.5c0.1-0.1-0.8-0.8-2.4-1.3\tC97.1,4.8,93.5,4.2,93.6,4.4z M65.4,11.1c-0.1,0.3,0.3,0.5,1.9-0.2s2.6-1.3,2.2-1.2s-0.9,0.4-2.5,0.8C65.3,10.9,65.5,10.8,65.4,11.1\tz M34.5,12.4c-0.2,0,2.1,0.8,3.3,0.9c1.2,0.1,2,0.1,2-0.2c0-0.3-0.1-0.5-1.6-0.4C36.6,12.8,34.7,12.4,34.5,12.4z M152.2,21.1\tc-0.1,0.1-2.4-0.3-7.5-0.3c-5,0-13.6-2.4-17.2-3.5c-3.6-1.1,10,3.9,16.5,4.1C150.5,21.6,152.3,21,152.2,21.1z\"\/>\n\t<path class=\"elementor-shape-fill\" d=\"M269.6,18c-0.1-0.1-4.6,0.3-7.2,0c-7.3-0.7-17-3.2-16.6-2.9c0.4,0.3,13.7,3.1,17,3.3\tC267.7,18.8,269.7,18,269.6,18z\"\/>\n\t<path class=\"elementor-shape-fill\" d=\"M227.4,9.8c-0.2-0.1-4.5-1-9.5-1.2c-5-0.2-12.7,0.6-12.3,0.5c0.3-0.1,5.9-1.8,13.3-1.2\tS227.6,9.9,227.4,9.8z\"\/>\n\t<path class=\"elementor-shape-fill\" d=\"M204.5,13.4c-0.1-0.1,2-1,3.2-1.1c1.2-0.1,2,0,2,0.3c0,0.3-0.1,0.5-1.6,0.4\tC206.4,12.9,204.6,13.5,204.5,13.4z\"\/>\n\t<path class=\"elementor-shape-fill\" d=\"M201,10.6c0-0.1-4.4,1.2-6.3,2.2c-1.9,0.9-6.2,3.1-6.1,3.1c0.1,0.1,4.2-1.6,6.3-2.6\tS201,10.7,201,10.6z\"\/>\n\t<path class=\"elementor-shape-fill\" d=\"M154.5,26.7c-0.1-0.1-4.6,0.3-7.2,0c-7.3-0.7-17-3.2-16.6-2.9c0.4,0.3,13.7,3.1,17,3.3\tC152.6,27.5,154.6,26.8,154.5,26.7z\"\/>\n\t<path class=\"elementor-shape-fill\" d=\"M41.9,19.3c0,0,1.2-0.3,2.9-0.1c1.7,0.2,5.8,0.9,8.2,0.7c4.2-0.4,7.4-2.7,7-2.6\tc-0.4,0-4.3,2.2-8.6,1.9c-1.8-0.1-5.1-0.5-6.7-0.4S41.9,19.3,41.9,19.3z\"\/>\n\t<path class=\"elementor-shape-fill\" d=\"M75.5,12.6c0.2,0.1,2-0.8,4.3-1.1c2.3-0.2,2.1-0.3,2.1-0.5c0-0.1-1.8-0.4-3.4,0\tC76.9,11.5,75.3,12.5,75.5,12.6z\"\/>\n\t<path class=\"elementor-shape-fill\" d=\"M15.6,13.2c0-0.1,4.3,0,6.7,0.5c2.4,0.5,5,1.9,5,2c0,0.1-2.7-0.8-5.1-1.4\tC19.9,13.7,15.7,13.3,15.6,13.2z\"\/>\n<\/svg>\t\t<\/div>\n\t\t\t\t<div class=\"elementor-shape elementor-shape-bottom\" aria-hidden=\"true\" data-negative=\"true\">\n\t\t\t<svg xmlns=\"http:\/\/www.w3.org\/2000\/svg\" viewbox=\"0 0 283.5 27.8\" preserveaspectratio=\"xMidYMax slice\">\n\t<path class=\"elementor-shape-fill\" d=\"M265.8 3.5c-10.9 0-15.9 6.2-15.9 6.2s-3.6-3.5-9.2-.9c-9.1 4.1-4.4 13.4-4.4 13.4s-1.2.2-1.9.9c-.6.7-.5 1.9-.5 1.9s-1-.5-2.3-.2c-1.3.3-1.6 1.4-1.6 1.4s.4-3.4-1.5-5c-3.9-3.4-8.3-.2-8.3-.2s-.6-.7-.9-.9c-.4-.2-1.2-.2-1.2-.2s-4.4-3.6-11.5-2.6-10.4 7.9-10.4 7.9-.5-3.3-3.9-4.9c-4.8-2.4-7.4 0-7.4 0s2.4-4.1-1.9-6.4-6.2 1.2-6.2 1.2-.9-.5-2.1-.5-2.3 1.1-2.3 1.1.1-.7-1.1-1.1c-1.2-.4-2 0-2 0s3.6-6.8-3.5-8.9c-6-1.8-7.9 2.6-8.4 4-.1-.3-.4-.7-.9-1.1-1-.7-1.3-.5-1.3-.5s1-4-1.7-5.2c-2.7-1.2-4.2 1.1-4.2 1.1s-3.1-1-5.7 1.4-2.1 5.5-2.1 5.5-.9 0-2.1.7-1.4 1.7-1.4 1.7-1.7-1.2-4.3-1.2c-2.6 0-4.5 1.2-4.5 1.2s-.7-1.5-2.8-2.4c-2.1-.9-4 0-4 0s2.6-5.9-4.7-9c-7.3-3.1-12.6 3.3-12.6 3.3s-.9 0-1.9.2c-.9.2-1.5.9-1.5.9S99.4 3 94.9 3.9c-4.5.9-5.7 5.7-5.7 5.7s-2.8-5-12.3-3.9-11.1 6-11.1 6-1.2-1.4-4-.7c-.8.2-1.3.5-1.8.9-.9-2.1-2.7-4.9-6.2-4.4-3.2.4-4 2.2-4 2.2s-.5-.7-1.2-.7h-1.4s-.5-.9-1.7-1.4-2.4 0-2.4 0-2.4-1.2-4.7 0-3.1 4.1-3.1 4.1-1.7-1.4-3.6-.7c-1.9.7-1.9 2.8-1.9 2.8s-.5-.5-1.7-.2c-1.2.2-1.4.7-1.4.7s-.7-2.3-2.8-2.8c-2.1-.5-4.3.2-4.3.2s-1.7-5-11.1-6c-3.8-.4-6.6.2-8.5 1v21.2h283.5V11.1c-.9.2-1.6.4-1.6.4s-5.2-8-16.1-8z\"\/>\n<\/svg>\n\t\t<\/div>\n\t\t\t\t\t<div class=\"elementor-container elementor-column-gap-default\">\n\t\t\t\t\t<div class=\"elementor-column elementor-col-100 elementor-top-column elementor-element elementor-element-fc4ad26\" data-id=\"fc4ad26\" data-element_type=\"column\" data-e-type=\"column\" data-settings=\"{&quot;background_background&quot;:&quot;classic&quot;}\">\n\t\t\t<div class=\"elementor-widget-wrap elementor-element-populated\">\n\t\t\t\t\t\t<div class=\"elementor-element elementor-element-bfd9f8f elementor-widget elementor-widget-heading\" data-id=\"bfd9f8f\" data-element_type=\"widget\" data-e-type=\"widget\" data-widget_type=\"heading.default\">\n\t\t\t\t<div class=\"elementor-widget-container\">\n\t\t\t\t\t<h2 class=\"elementor-heading-title elementor-size-default\">English at school<\/h2>\t\t\t\t<\/div>\n\t\t\t\t<\/div>\n\t\t\t\t\t<\/div>\n\t\t<\/div>\n\t\t\t\t\t<\/div>\n\t\t<\/section>\n\t\t\t\t<section class=\"elementor-section elementor-top-section elementor-element elementor-element-8937b7d elementor-section-boxed elementor-section-height-default elementor-section-height-default\" data-id=\"8937b7d\" data-element_type=\"section\" data-e-type=\"section\">\n\t\t\t\t\t\t<div class=\"elementor-container elementor-column-gap-no\">\n\t\t\t\t\t<div class=\"elementor-column elementor-col-100 elementor-top-column elementor-element elementor-element-13ba706\" data-id=\"13ba706\" data-element_type=\"column\" data-e-type=\"column\">\n\t\t\t<div class=\"elementor-widget-wrap elementor-element-populated\">\n\t\t\t\t\t\t<div class=\"elementor-element elementor-element-98eec75 elementor-widget elementor-widget-heading\" data-id=\"98eec75\" data-element_type=\"widget\" data-e-type=\"widget\" data-widget_type=\"heading.default\">\n\t\t\t\t<div class=\"elementor-widget-container\">\n\t\t\t\t\t<h3 class=\"elementor-heading-title elementor-size-default\">A Strengthened Approach for International Communication<\/h3>\t\t\t\t<\/div>\n\t\t\t\t<\/div>\n\t\t\t\t<div class=\"elementor-element elementor-element-8aa844d elementor-widget elementor-widget-text-editor\" data-id=\"8aa844d\" data-element_type=\"widget\" data-e-type=\"widget\" data-widget_type=\"text-editor.default\">\n\t\t\t\t<div class=\"elementor-widget-container\">\n\t\t\t\t\t\t\t\t\t<p>Le Flamboyant has chosen to offer reinforced English teaching to its students for six hours per week so that primary classes have a weekly schedule of 26 hours instead of 24 hours.<\/p><p>This choice reflects:<\/p><ul><li>our desire to prioritize language learning from an early age<\/li><li>the fact that our host country, Cameroon, is a French-English bilingual country<\/li><li>English is the international language of communication<\/li><\/ul><p>A fun approach to English is implemented from the Small and Medium Section of nursery school for 40 minutes per week then, in the Large Section, the amount of English time is 1h30 per week. From CP to CM2, teaching in non-linguistic subjects (DNL) is integrated into the timetable. Per week, primary school children therefore have three hours of English language learning and three hours of English language lessons (plastic arts, sport or geometry).<\/p><p>The CM1 and CM2 class numbers are separated into level groups, allowing each student to progress at their own pace in learning the language. The class teachers are supported by an English teacher as well as an English coordinator.<\/p><p>According to the Common European Framework of Reference (CEFR), the school aims for a level A1 at the end of CM1 and A2 at the end of CM2. An administration protocol for the A1 and A2 tests is put in place for CM1 and CM2 classes.<\/p><p>Learn more about the CEFR  here .\u00a0<a href=\"https:\/\/www.service-public.fr\/particuliers\/vosdroits\/F34739\" target=\"_blank\" rel=\"noreferrer noopener\">here<\/a>.<\/p>\t\t\t\t\t\t\t\t<\/div>\n\t\t\t\t<\/div>\n\t\t\t\t<div class=\"elementor-element elementor-element-b1928d9 elementor-widget elementor-widget-heading\" data-id=\"b1928d9\" data-element_type=\"widget\" data-e-type=\"widget\" data-widget_type=\"heading.default\">\n\t\t\t\t<div class=\"elementor-widget-container\">\n\t\t\t\t\t<h3 class=\"elementor-heading-title elementor-size-default\">Welcoming Allophone Students<\/h3>\t\t\t\t<\/div>\n\t\t\t\t<\/div>\n\t\t\t\t<div class=\"elementor-element elementor-element-80e4c97 elementor-widget elementor-widget-text-editor\" data-id=\"80e4c97\" data-element_type=\"widget\" data-e-type=\"widget\" data-widget_type=\"text-editor.default\">\n\t\t\t\t<div class=\"elementor-widget-container\">\n\t\t\t\t\t\t\t\t\t<p>The school strives to welcome allophone students (who speak a language other than French) at whatever level in order to enable them to quickly acquire the basics of French as the language of schooling. French is learned during complementary educational activities (APC) hours on Tuesday and Thursday mornings but also through a reduction in the number of hours in English or even service adjustments.<\/p><p>A non-French-speaking student is not considered a student in difficulty; the abilities and achievements are equivalent to those of his other classmates. He only needs to quickly master the French language in order to enable him to succeed in school, continue his training and build his future.<\/p>\t\t\t\t\t\t\t\t<\/div>\n\t\t\t\t<\/div>\n\t\t\t\t\t<\/div>\n\t\t<\/div>\n\t\t\t\t\t<\/div>\n\t\t<\/section>\n\t\t\t\t<\/div>","protected":false},"excerpt":{"rendered":"<p>L\u2019Anglais \u00c0 L\u2019\u00e9cole Une Approche Renforc\u00e9e pour une Communication Internationale Le Flamboyant a fait le choix d\u2019offrir un enseignement d\u2019anglais renforc\u00e9 \u00e0 ses \u00e9l\u00e8ves \u00e0 raison de six heures par semaine si bien que les classes de primaire ont un horaire hebdomadaire de 26h au lieu de 24h. Ce choix refl\u00e8te\u00a0: notre volont\u00e9 de privil\u00e9gier [&hellip;]<\/p>\n","protected":false},"author":2,"featured_media":802,"parent":0,"menu_order":0,"comment_status":"closed","ping_status":"closed","template":"","meta":{"footnotes":""},"class_list":["post-793","page","type-page","status-publish","has-post-thumbnail","hentry"],"_links":{"self":[{"href":"https:\/\/ecoleleflamboyant.com\/en-gb\/wp-json\/wp\/v2\/pages\/793","targetHints":{"allow":["GET"]}}],"collection":[{"href":"https:\/\/ecoleleflamboyant.com\/en-gb\/wp-json\/wp\/v2\/pages"}],"about":[{"href":"https:\/\/ecoleleflamboyant.com\/en-gb\/wp-json\/wp\/v2\/types\/page"}],"author":[{"embeddable":true,"href":"https:\/\/ecoleleflamboyant.com\/en-gb\/wp-json\/wp\/v2\/users\/2"}],"replies":[{"embeddable":true,"href":"https:\/\/ecoleleflamboyant.com\/en-gb\/wp-json\/wp\/v2\/comments?post=793"}],"version-history":[{"count":5,"href":"https:\/\/ecoleleflamboyant.com\/en-gb\/wp-json\/wp\/v2\/pages\/793\/revisions"}],"predecessor-version":[{"id":1400,"href":"https:\/\/ecoleleflamboyant.com\/en-gb\/wp-json\/wp\/v2\/pages\/793\/revisions\/1400"}],"wp:featuredmedia":[{"embeddable":true,"href":"https:\/\/ecoleleflamboyant.com\/en-gb\/wp-json\/wp\/v2\/media\/802"}],"wp:attachment":[{"href":"https:\/\/ecoleleflamboyant.com\/en-gb\/wp-json\/wp\/v2\/media?parent=793"}],"curies":[{"name":"wp","href":"https:\/\/api.w.org\/{rel}","templated":true}]}}