{"id":783,"date":"2024-01-20T04:49:01","date_gmt":"2024-01-20T04:49:01","guid":{"rendered":"http:\/\/flamboyant.sc1besa2508.universe.wf\/?page_id=783"},"modified":"2025-10-06T08:02:14","modified_gmt":"2025-10-06T08:02:14","slug":"lelementaire","status":"publish","type":"page","link":"https:\/\/ecoleleflamboyant.com\/en-gb\/lelementaire\/","title":{"rendered":"Elementary"},"content":{"rendered":"<div data-elementor-type=\"wp-page\" data-elementor-id=\"783\" class=\"elementor elementor-783\" data-elementor-post-type=\"page\">\n\t\t\t\t\t\t<section class=\"elementor-section elementor-top-section elementor-element elementor-element-de4892b elementor-section-boxed elementor-section-height-default elementor-section-height-default\" data-id=\"de4892b\" data-element_type=\"section\" data-e-type=\"section\" data-settings=\"{&quot;background_background&quot;:&quot;classic&quot;,&quot;shape_divider_bottom_negative&quot;:&quot;yes&quot;,&quot;shape_divider_top&quot;:&quot;wave-brush&quot;,&quot;shape_divider_bottom&quot;:&quot;clouds&quot;}\">\n\t\t\t\t\t\t\t<div class=\"elementor-background-overlay\"><\/div>\n\t\t\t\t\t\t<div class=\"elementor-shape elementor-shape-top\" aria-hidden=\"true\" data-negative=\"false\">\n\t\t\t<svg xmlns=\"http:\/\/www.w3.org\/2000\/svg\" viewbox=\"0 0 283.5 27.8\" preserveaspectratio=\"none\">\n\t<path class=\"elementor-shape-fill\" d=\"M283.5,9.7c0,0-7.3,4.3-14,4.6c-6.8,0.3-12.6,0-20.9-1.5c-11.3-2-33.1-10.1-44.7-5.7\ts-12.1,4.6-18,7.4c-6.6,3.2-20,9.6-36.6,9.3C131.6,23.5,99.5,7.2,86.3,8c-1.4,0.1-6.6,0.8-10.5,2c-3.8,1.2-9.4,3.8-17,4.7\tc-3.2,0.4-8.3,1.1-14.2,0.9c-1.5-0.1-6.3-0.4-12-1.6c-5.7-1.2-11-3.1-15.8-3.7C6.5,9.2,0,10.8,0,10.8V0h283.5V9.7z M260.8,11.3\tc-0.7-1-2-0.4-4.3-0.4c-2.3,0-6.1-1.2-5.8-1.1c0.3,0.1,3.1,1.5,6,1.9C259.7,12.2,261.4,12.3,260.8,11.3z M242.4,8.6\tc0,0-2.4-0.2-5.6-0.9c-3.2-0.8-10.3-2.8-15.1-3.5c-8.2-1.1-15.8,0-15.1,0.1c0.8,0.1,9.6-0.6,17.6,1.1c3.3,0.7,9.3,2.2,12.4,2.7\tC239.9,8.7,242.4,8.6,242.4,8.6z M185.2,8.5c1.7-0.7-13.3,4.7-18.5,6.1c-2.1,0.6-6.2,1.6-10,2c-3.9,0.4-8.9,0.4-8.8,0.5\tc0,0.2,5.8,0.8,11.2,0c5.4-0.8,5.2-1.1,7.6-1.6C170.5,14.7,183.5,9.2,185.2,8.5z M199.1,6.9c0.2,0-0.8-0.4-4.8,1.1\tc-4,1.5-6.7,3.5-6.9,3.7c-0.2,0.1,3.5-1.8,6.6-3C197,7.5,199,6.9,199.1,6.9z M283,6c-0.1,0.1-1.9,1.1-4.8,2.5s-6.9,2.8-6.7,2.7\tc0.2,0,3.5-0.6,7.4-2.5C282.8,6.8,283.1,5.9,283,6z M31.3,11.6c0.1-0.2-1.9-0.2-4.5-1.2s-5.4-1.6-7.8-2C15,7.6,7.3,8.5,7.7,8.6\tC8,8.7,15.9,8.3,20.2,9.3c2.2,0.5,2.4,0.5,5.7,1.6S31.2,11.9,31.3,11.6z M73,9.2c0.4-0.1,3.5-1.6,8.4-2.6c4.9-1.1,8.9-0.5,8.9-0.8\tc0-0.3-1-0.9-6.2-0.3S72.6,9.3,73,9.2z M71.6,6.7C71.8,6.8,75,5.4,77.3,5c2.3-0.3,1.9-0.5,1.9-0.6c0-0.1-1.1-0.2-2.7,0.2\tC74.8,5.1,71.4,6.6,71.6,6.7z M93.6,4.4c0.1,0.2,3.5,0.8,5.6,1.8c2.1,1,1.8,0.6,1.9,0.5c0.1-0.1-0.8-0.8-2.4-1.3\tC97.1,4.8,93.5,4.2,93.6,4.4z M65.4,11.1c-0.1,0.3,0.3,0.5,1.9-0.2s2.6-1.3,2.2-1.2s-0.9,0.4-2.5,0.8C65.3,10.9,65.5,10.8,65.4,11.1\tz M34.5,12.4c-0.2,0,2.1,0.8,3.3,0.9c1.2,0.1,2,0.1,2-0.2c0-0.3-0.1-0.5-1.6-0.4C36.6,12.8,34.7,12.4,34.5,12.4z M152.2,21.1\tc-0.1,0.1-2.4-0.3-7.5-0.3c-5,0-13.6-2.4-17.2-3.5c-3.6-1.1,10,3.9,16.5,4.1C150.5,21.6,152.3,21,152.2,21.1z\"\/>\n\t<path class=\"elementor-shape-fill\" d=\"M269.6,18c-0.1-0.1-4.6,0.3-7.2,0c-7.3-0.7-17-3.2-16.6-2.9c0.4,0.3,13.7,3.1,17,3.3\tC267.7,18.8,269.7,18,269.6,18z\"\/>\n\t<path class=\"elementor-shape-fill\" d=\"M227.4,9.8c-0.2-0.1-4.5-1-9.5-1.2c-5-0.2-12.7,0.6-12.3,0.5c0.3-0.1,5.9-1.8,13.3-1.2\tS227.6,9.9,227.4,9.8z\"\/>\n\t<path class=\"elementor-shape-fill\" d=\"M204.5,13.4c-0.1-0.1,2-1,3.2-1.1c1.2-0.1,2,0,2,0.3c0,0.3-0.1,0.5-1.6,0.4\tC206.4,12.9,204.6,13.5,204.5,13.4z\"\/>\n\t<path class=\"elementor-shape-fill\" d=\"M201,10.6c0-0.1-4.4,1.2-6.3,2.2c-1.9,0.9-6.2,3.1-6.1,3.1c0.1,0.1,4.2-1.6,6.3-2.6\tS201,10.7,201,10.6z\"\/>\n\t<path class=\"elementor-shape-fill\" d=\"M154.5,26.7c-0.1-0.1-4.6,0.3-7.2,0c-7.3-0.7-17-3.2-16.6-2.9c0.4,0.3,13.7,3.1,17,3.3\tC152.6,27.5,154.6,26.8,154.5,26.7z\"\/>\n\t<path class=\"elementor-shape-fill\" d=\"M41.9,19.3c0,0,1.2-0.3,2.9-0.1c1.7,0.2,5.8,0.9,8.2,0.7c4.2-0.4,7.4-2.7,7-2.6\tc-0.4,0-4.3,2.2-8.6,1.9c-1.8-0.1-5.1-0.5-6.7-0.4S41.9,19.3,41.9,19.3z\"\/>\n\t<path class=\"elementor-shape-fill\" d=\"M75.5,12.6c0.2,0.1,2-0.8,4.3-1.1c2.3-0.2,2.1-0.3,2.1-0.5c0-0.1-1.8-0.4-3.4,0\tC76.9,11.5,75.3,12.5,75.5,12.6z\"\/>\n\t<path class=\"elementor-shape-fill\" d=\"M15.6,13.2c0-0.1,4.3,0,6.7,0.5c2.4,0.5,5,1.9,5,2c0,0.1-2.7-0.8-5.1-1.4\tC19.9,13.7,15.7,13.3,15.6,13.2z\"\/>\n<\/svg>\t\t<\/div>\n\t\t\t\t<div class=\"elementor-shape elementor-shape-bottom\" aria-hidden=\"true\" data-negative=\"true\">\n\t\t\t<svg xmlns=\"http:\/\/www.w3.org\/2000\/svg\" viewbox=\"0 0 283.5 27.8\" preserveaspectratio=\"xMidYMax slice\">\n\t<path class=\"elementor-shape-fill\" d=\"M265.8 3.5c-10.9 0-15.9 6.2-15.9 6.2s-3.6-3.5-9.2-.9c-9.1 4.1-4.4 13.4-4.4 13.4s-1.2.2-1.9.9c-.6.7-.5 1.9-.5 1.9s-1-.5-2.3-.2c-1.3.3-1.6 1.4-1.6 1.4s.4-3.4-1.5-5c-3.9-3.4-8.3-.2-8.3-.2s-.6-.7-.9-.9c-.4-.2-1.2-.2-1.2-.2s-4.4-3.6-11.5-2.6-10.4 7.9-10.4 7.9-.5-3.3-3.9-4.9c-4.8-2.4-7.4 0-7.4 0s2.4-4.1-1.9-6.4-6.2 1.2-6.2 1.2-.9-.5-2.1-.5-2.3 1.1-2.3 1.1.1-.7-1.1-1.1c-1.2-.4-2 0-2 0s3.6-6.8-3.5-8.9c-6-1.8-7.9 2.6-8.4 4-.1-.3-.4-.7-.9-1.1-1-.7-1.3-.5-1.3-.5s1-4-1.7-5.2c-2.7-1.2-4.2 1.1-4.2 1.1s-3.1-1-5.7 1.4-2.1 5.5-2.1 5.5-.9 0-2.1.7-1.4 1.7-1.4 1.7-1.7-1.2-4.3-1.2c-2.6 0-4.5 1.2-4.5 1.2s-.7-1.5-2.8-2.4c-2.1-.9-4 0-4 0s2.6-5.9-4.7-9c-7.3-3.1-12.6 3.3-12.6 3.3s-.9 0-1.9.2c-.9.2-1.5.9-1.5.9S99.4 3 94.9 3.9c-4.5.9-5.7 5.7-5.7 5.7s-2.8-5-12.3-3.9-11.1 6-11.1 6-1.2-1.4-4-.7c-.8.2-1.3.5-1.8.9-.9-2.1-2.7-4.9-6.2-4.4-3.2.4-4 2.2-4 2.2s-.5-.7-1.2-.7h-1.4s-.5-.9-1.7-1.4-2.4 0-2.4 0-2.4-1.2-4.7 0-3.1 4.1-3.1 4.1-1.7-1.4-3.6-.7c-1.9.7-1.9 2.8-1.9 2.8s-.5-.5-1.7-.2c-1.2.2-1.4.7-1.4.7s-.7-2.3-2.8-2.8c-2.1-.5-4.3.2-4.3.2s-1.7-5-11.1-6c-3.8-.4-6.6.2-8.5 1v21.2h283.5V11.1c-.9.2-1.6.4-1.6.4s-5.2-8-16.1-8z\"\/>\n<\/svg>\n\t\t<\/div>\n\t\t\t\t\t<div class=\"elementor-container elementor-column-gap-default\">\n\t\t\t\t\t<div class=\"elementor-column elementor-col-100 elementor-top-column elementor-element elementor-element-65ae842\" data-id=\"65ae842\" data-element_type=\"column\" data-e-type=\"column\" data-settings=\"{&quot;background_background&quot;:&quot;classic&quot;}\">\n\t\t\t<div class=\"elementor-widget-wrap elementor-element-populated\">\n\t\t\t\t\t\t<div class=\"elementor-element elementor-element-cb0c00e elementor-widget elementor-widget-heading\" data-id=\"cb0c00e\" data-element_type=\"widget\" data-e-type=\"widget\" data-widget_type=\"heading.default\">\n\t\t\t\t<div class=\"elementor-widget-container\">\n\t\t\t\t\t<h2 class=\"elementor-heading-title elementor-size-default\">Elementary<\/h2>\t\t\t\t<\/div>\n\t\t\t\t<\/div>\n\t\t\t\t\t<\/div>\n\t\t<\/div>\n\t\t\t\t\t<\/div>\n\t\t<\/section>\n\t\t\t\t<section class=\"elementor-section elementor-top-section elementor-element elementor-element-fe2d66b elementor-section-boxed elementor-section-height-default elementor-section-height-default\" data-id=\"fe2d66b\" data-element_type=\"section\" data-e-type=\"section\">\n\t\t\t\t\t\t<div class=\"elementor-container elementor-column-gap-no\">\n\t\t\t\t\t<div class=\"elementor-column elementor-col-100 elementor-top-column elementor-element elementor-element-67266a2\" data-id=\"67266a2\" data-element_type=\"column\" data-e-type=\"column\">\n\t\t\t<div class=\"elementor-widget-wrap elementor-element-populated\">\n\t\t\t\t<div class=\"elementor-element elementor-element-1412c93 e-flex e-con-boxed e-con e-child\" data-id=\"1412c93\" data-element_type=\"container\" data-e-type=\"container\">\n\t\t\t\t\t<div class=\"e-con-inner\">\n\t\t<div class=\"elementor-element elementor-element-c5295f4 e-con-full e-flex e-con e-child\" data-id=\"c5295f4\" data-element_type=\"container\" data-e-type=\"container\">\n\t\t\t\t<div class=\"elementor-element elementor-element-0e3403b elementor-widget elementor-widget-image\" data-id=\"0e3403b\" data-element_type=\"widget\" data-e-type=\"widget\" data-widget_type=\"image.default\">\n\t\t\t\t<div class=\"elementor-widget-container\">\n\t\t\t\t\t\t\t\t\t\t\t\t\t\t\t<img fetchpriority=\"high\" decoding=\"async\" width=\"768\" height=\"512\" src=\"https:\/\/ecoleleflamboyant.com\/wp-content\/uploads\/2024\/01\/DSC_9523-1024x683-1-768x512.jpg\" class=\"attachment-medium_large size-medium_large wp-image-807\" alt=\"\" srcset=\"https:\/\/ecoleleflamboyant.com\/wp-content\/uploads\/2024\/01\/DSC_9523-1024x683-1-768x512.jpg 768w, https:\/\/ecoleleflamboyant.com\/wp-content\/uploads\/2024\/01\/DSC_9523-1024x683-1-300x200.jpg 300w, https:\/\/ecoleleflamboyant.com\/wp-content\/uploads\/2024\/01\/DSC_9523-1024x683-1-18x12.jpg 18w, https:\/\/ecoleleflamboyant.com\/wp-content\/uploads\/2024\/01\/DSC_9523-1024x683-1.jpg 1024w\" sizes=\"(max-width: 768px) 100vw, 768px\" \/>\t\t\t\t\t\t\t\t\t\t\t\t\t\t\t<\/div>\n\t\t\t\t<\/div>\n\t\t\t\t<\/div>\n\t\t<div class=\"elementor-element elementor-element-7691bd7 e-flex e-con-boxed e-con e-child\" data-id=\"7691bd7\" data-element_type=\"container\" data-e-type=\"container\">\n\t\t\t\t\t<div class=\"e-con-inner\">\n\t\t\t\t<div class=\"elementor-element elementor-element-17bb2ed elementor-widget elementor-widget-heading\" data-id=\"17bb2ed\" data-element_type=\"widget\" data-e-type=\"widget\" data-widget_type=\"heading.default\">\n\t\t\t\t<div class=\"elementor-widget-container\">\n\t\t\t\t\t<h2 class=\"elementor-heading-title elementor-size-default\">Our classes<\/h2>\t\t\t\t<\/div>\n\t\t\t\t<\/div>\n\t\t\t\t<div class=\"elementor-element elementor-element-8ff7a3d elementor-widget elementor-widget-text-editor\" data-id=\"8ff7a3d\" data-element_type=\"widget\" data-e-type=\"widget\" data-widget_type=\"text-editor.default\">\n\t\t\t\t<div class=\"elementor-widget-container\">\n\t\t\t\t\t\t\t\t\t<p>The Flamboyant elementary section is made up of five classes:<\/p><ul><li>Preparatory Class (CP: Cours Pr\u00e9paratoire), 6 years old<\/li><li>Elementary Class 1st year (CE1: Cours El\u00e9mentaire 1\u00e8re ann\u00e9e), 7 years old<\/li><li>Elementary Class 2nd year (CE2: Cours El\u00e9mentaire 2\u00e8me ann\u00e9e), 8 years old<\/li><li>Middle Class 1st year (CM1: Cours Moyen 1\u00e8re ann\u00e9e), 9 years old<\/li><li>Middle Class 2nd year (CM2: Cours Moyen 2\u00e8me ann\u00e9e), 10 years old<\/li><\/ul>\t\t\t\t\t\t\t\t<\/div>\n\t\t\t\t<\/div>\n\t\t\t\t\t<\/div>\n\t\t\t\t<\/div>\n\t\t\t\t\t<\/div>\n\t\t\t\t<\/div>\n\t\t\t\t<div class=\"elementor-element elementor-element-0263439 elementor-widget elementor-widget-heading\" data-id=\"0263439\" data-element_type=\"widget\" data-e-type=\"widget\" data-widget_type=\"heading.default\">\n\t\t\t\t<div class=\"elementor-widget-container\">\n\t\t\t\t\t<h3 class=\"elementor-heading-title elementor-size-default\">The curriculum<\/h3>\t\t\t\t<\/div>\n\t\t\t\t<\/div>\n\t\t\t\t<div class=\"elementor-element elementor-element-309894a elementor-widget elementor-widget-text-editor\" data-id=\"309894a\" data-element_type=\"widget\" data-e-type=\"widget\" data-widget_type=\"text-editor.default\">\n\t\t\t\t<div class=\"elementor-widget-container\">\n\t\t\t\t\t\t\t\t\t<p>Mastery of the French language and understanding mathematical concepts are the priority objectives of the elementary school. Curriculum subjects are taught in a cycle, lasting three years:<\/p><p class=\"translation-block\">Cycle 2 , or cycle of fundamental learning, from CP to CE2: in addition to French and mathematics, the program also provides scientific lessons to question the world, artistic lessons (plastic arts and musical education), learning to a living language (see  English at school ), physical and sports education and moral and civic education.<\/p><p class=\"translation-block\">Cycle 3 , or consolidation cycle, includes CM1, CM2 and continues in college in 6th grade . Students consolidate their knowledge in all the areas already covered in cycle 2 and discover science and technology, history, geography and the history of the arts.<\/p><p>Our school takes into account the plurality and diversity of abilities of each student. Alongside reasoning and intellectual reflection, the sense of observation, the taste for experimentation, sensitivity, motor skills and creative imagination are also developed.\u00a0<\/p><p>The complete elementary school program from the French Ministry of National Education can be viewed  here .\u00a0<a href=\"https:\/\/www.education.gouv.fr\/programmes-et-horaires-l-ecole-elementaire-9011\" target=\"_blank\" rel=\"noreferrer noopener\">here<\/a>.<\/p>\t\t\t\t\t\t\t\t<\/div>\n\t\t\t\t<\/div>\n\t\t<div class=\"elementor-element elementor-element-3e2b392 e-flex e-con-boxed e-con e-parent\" data-id=\"3e2b392\" data-element_type=\"container\" data-e-type=\"container\">\n\t\t\t\t\t<div class=\"e-con-inner\">\n\t\t\t\t<div class=\"elementor-element elementor-element-6a9909f elementor-widget elementor-widget-image\" data-id=\"6a9909f\" data-element_type=\"widget\" data-e-type=\"widget\" data-widget_type=\"image.default\">\n\t\t\t\t<div class=\"elementor-widget-container\">\n\t\t\t\t\t\t\t\t\t\t\t\t\t\t\t<img decoding=\"async\" src=\"https:\/\/ecoleleflamboyant.com\/wp-content\/uploads\/elementor\/thumbs\/PHOTO-2022-03-16-22-39-22-2-edited-qkvhtboy1r8vgkgq59qjzwjz2i58gdwtkmqbepttbi.jpg\" title=\"PHOTO-2022-03-16-22-39-22-2-edited\" alt=\"PHOTO-2022-03-16-22-39-22-2-edited\" loading=\"lazy\" \/>\t\t\t\t\t\t\t\t\t\t\t\t\t\t\t<\/div>\n\t\t\t\t<\/div>\n\t\t\t\t<div class=\"elementor-element elementor-element-f8b128b elementor-widget elementor-widget-image\" data-id=\"f8b128b\" data-element_type=\"widget\" data-e-type=\"widget\" data-widget_type=\"image.default\">\n\t\t\t\t<div class=\"elementor-widget-container\">\n\t\t\t\t\t\t\t\t\t\t\t\t\t\t\t<img decoding=\"async\" src=\"https:\/\/ecoleleflamboyant.com\/wp-content\/uploads\/elementor\/thumbs\/DSC_9423-1024x683-1-qktr8bdeql1p4b334w7wzxyg94xtm0met9tflcdxgu.jpg\" title=\"DSC_9423-1024\u00d7683\" alt=\"DSC_9423-1024x683\" loading=\"lazy\" \/>\t\t\t\t\t\t\t\t\t\t\t\t\t\t\t<\/div>\n\t\t\t\t<\/div>\n\t\t\t\t\t<\/div>\n\t\t\t\t<\/div>\n\t\t\t\t<div class=\"elementor-element elementor-element-b0cb7d0 elementor-widget elementor-widget-heading\" data-id=\"b0cb7d0\" data-element_type=\"widget\" data-e-type=\"widget\" data-widget_type=\"heading.default\">\n\t\t\t\t<div class=\"elementor-widget-container\">\n\t\t\t\t\t<h3 class=\"elementor-heading-title elementor-size-default\">The Student Support System: Complementary Educational Activities (APC)<\/h3>\t\t\t\t<\/div>\n\t\t\t\t<\/div>\n\t\t\t\t<div class=\"elementor-element elementor-element-064f8f0 elementor-widget elementor-widget-text-editor\" data-id=\"064f8f0\" data-element_type=\"widget\" data-e-type=\"widget\" data-widget_type=\"text-editor.default\">\n\t\t\t\t<div class=\"elementor-widget-container\">\n\t\t\t\t\t\t\t\t\t<p>Implemented since the start of the school year in September 2013 and in accordance with the directives of the Ministry of National Education, the complementary educational activities organized at Flamboyant make it possible to overcome the difficulties experienced by a student. They take place in small groups on a theme diagnosed by the teacher and can concern all aspects of school life. They make it possible to provide students with differentiated support, adapted to their needs, to encourage or reinforce the pleasure of learning.<\/p><p>The school year is divided into five APC periods The course of a student admitted to APC is not necessarily annual, their presence in the system ceases at the moment when the teachers consider that the difficulty has been resolved. APC sessions are held before classes start on Tuesdays and Thursdays from 7:50 a.m. to 8:50 a.m.\u00a0<\/p>\t\t\t\t\t\t\t\t<\/div>\n\t\t\t\t<\/div>\n\t\t\t\t<div class=\"elementor-element elementor-element-e05a331 elementor-widget elementor-widget-heading\" data-id=\"e05a331\" data-element_type=\"widget\" data-e-type=\"widget\" data-widget_type=\"heading.default\">\n\t\t\t\t<div class=\"elementor-widget-container\">\n\t\t\t\t\t<h3 class=\"elementor-heading-title elementor-size-default\">Certificates Issued To Students At The End Of CM2<\/h3>\t\t\t\t<\/div>\n\t\t\t\t<\/div>\n\t\t\t\t<div class=\"elementor-element elementor-element-c3e2f26 elementor-widget elementor-widget-text-editor\" data-id=\"c3e2f26\" data-element_type=\"widget\" data-e-type=\"widget\" data-widget_type=\"text-editor.default\">\n\t\t\t\t<div class=\"elementor-widget-container\">\n\t\t\t\t\t\t\t\t\t<p>At the end of the school year, CM2 students will be able to demonstrate the following skills:<\/p><ul><li>APER first road education certificate: progressive awareness of road risks<\/li><li>APS learn to help: learning gestures and behaviors adapted to first aid<\/li><li>English level A1 (discovery): at the end of CM1 (and end of CM2 for new students)<\/li><li>English level A2 (intermediate): only at the end of CM2<\/li><li>The Computer and Internet Certificate (B2I) level 1: ability to use computer and Internet tools<\/li><\/ul>\t\t\t\t\t\t\t\t<\/div>\n\t\t\t\t<\/div>\n\t\t\t\t<div class=\"elementor-element elementor-element-42063c6 elementor-widget elementor-widget-heading\" data-id=\"42063c6\" data-element_type=\"widget\" data-e-type=\"widget\" data-widget_type=\"heading.default\">\n\t\t\t\t<div class=\"elementor-widget-container\">\n\t\t\t\t\t<h3 class=\"elementor-heading-title elementor-size-default\">After The Flamboyant\u2026<\/h3>\t\t\t\t<\/div>\n\t\t\t\t<\/div>\n\t\t\t\t<div class=\"elementor-element elementor-element-1e34ce7 elementor-widget elementor-widget-text-editor\" data-id=\"1e34ce7\" data-element_type=\"widget\" data-e-type=\"widget\" data-widget_type=\"text-editor.default\">\n\t\t\t\t<div class=\"elementor-widget-container\">\n\t\t\t\t\t\t\t\t\tFor students in Yaound\u00e9, the secondary school approved by the AEFE is the\u00a0<a href=\"https:\/\/www.fustel-yaounde.net\/\" target=\"_blank\" rel=\"noreferrer noopener\">Fustel de Coulanges middle and high school<\/a>. Visit the website of\u00a0<a class=\"lien-clignotant\" href=\"https:\/\/aefe.gouv.fr\/fr\/reseau-scolaire-mondial\/un-reseau-unique-au-monde\/les-zones-du-reseau-et-les-irf\" target=\"_blank\" rel=\"noopener\">the Agency for French Education Abroad (AEFE)<\/a>\u00a0to discover other approved establishments throughout the world\t\t\t\t\t\t\t\t<\/div>\n\t\t\t\t<\/div>\n\t\t\t\t\t<\/div>\n\t\t<\/div>\n\t\t\t\t\t<\/div>\n\t\t<\/section>\n\t\t\t\t<\/div>","protected":false},"excerpt":{"rendered":"<p>L\u2019\u00e9l\u00e9mentaire Nos classes La section \u00e9l\u00e9mentaire du Flamboyant est compos\u00e9e de cinq classes\u00a0: Cours Pr\u00e9paratoire (CP, 6 ans) Cours \u00c9l\u00e9mentaire 1\u00e8re ann\u00e9e (CE1, 7 ans) Cours \u00c9l\u00e9mentaire 2\u00e8me ann\u00e9e (CE2, 8 ans) Cours Moyen 1\u00e8re ann\u00e9e (CM1, 9 ans) Cours Moyen 2\u00e8me ann\u00e9e (CM2, 10 ans) Le programme La ma\u00eetrise de la langue fran\u00e7aise et [&hellip;]<\/p>\n","protected":false},"author":2,"featured_media":784,"parent":0,"menu_order":0,"comment_status":"closed","ping_status":"closed","template":"elementor_header_footer","meta":{"footnotes":""},"class_list":["post-783","page","type-page","status-publish","has-post-thumbnail","hentry"],"_links":{"self":[{"href":"https:\/\/ecoleleflamboyant.com\/en-gb\/wp-json\/wp\/v2\/pages\/783","targetHints":{"allow":["GET"]}}],"collection":[{"href":"https:\/\/ecoleleflamboyant.com\/en-gb\/wp-json\/wp\/v2\/pages"}],"about":[{"href":"https:\/\/ecoleleflamboyant.com\/en-gb\/wp-json\/wp\/v2\/types\/page"}],"author":[{"embeddable":true,"href":"https:\/\/ecoleleflamboyant.com\/en-gb\/wp-json\/wp\/v2\/users\/2"}],"replies":[{"embeddable":true,"href":"https:\/\/ecoleleflamboyant.com\/en-gb\/wp-json\/wp\/v2\/comments?post=783"}],"version-history":[{"count":23,"href":"https:\/\/ecoleleflamboyant.com\/en-gb\/wp-json\/wp\/v2\/pages\/783\/revisions"}],"predecessor-version":[{"id":3103,"href":"https:\/\/ecoleleflamboyant.com\/en-gb\/wp-json\/wp\/v2\/pages\/783\/revisions\/3103"}],"wp:featuredmedia":[{"embeddable":true,"href":"https:\/\/ecoleleflamboyant.com\/en-gb\/wp-json\/wp\/v2\/media\/784"}],"wp:attachment":[{"href":"https:\/\/ecoleleflamboyant.com\/en-gb\/wp-json\/wp\/v2\/media?parent=783"}],"curies":[{"name":"wp","href":"https:\/\/api.w.org\/{rel}","templated":true}]}}